{"id":7768,"date":"2024-08-12T12:35:11","date_gmt":"2024-08-12T19:35:11","guid":{"rendered":"https:\/\/vcea.wsu.edu\/student-success\/?page_id=7768"},"modified":"2024-08-29T15:58:48","modified_gmt":"2024-08-29T22:58:48","slug":"sample-bioengineering-resume","status":"publish","type":"page","link":"https:\/\/vcea.wsu.edu\/student-success\/internships-careers\/resources\/sample-bioengineering-resume\/","title":{"rendered":"Sample Bioengineering R\u00e9sum\u00e9"},"content":{"rendered":"<div class=\"wsu-row wsu-row--sidebar-right\" >\r\n    \n<div class=\"wsu-column\"  style=\"\">\r\n\t\n\n<p>Your r\u00e9sum\u00e9 is a document that captures who you are, your experiences, your skills, and your education. It is your brand, and you will use it to market yourself for internships, jobs, scholarships, and professional memberships to name just a few. Your r\u00e9sum\u00e9 is always a work in progress. As you add new education, experiences, and skills to your r\u00e9sum\u00e9, you will also remove items that are no longer relevant. As your marketing tool, it is not a record of everything you\u2019ve ever done, but is a customized document that tells the reader why you are a perfect fit for the opportunity. The best r\u00e9sum\u00e9s, and the ones that get an interview, are never generic.<\/p>\n\n\n<div class=\"wsu-note wsu-note--border-pacificsky wsu-spacing-before--xmedium wsu-spacing-after--xxmedium\">\n\t\t\t<i class=\"wsu-note__icon wsu-icon wsu-i-light-bulb\" aria-label=\"Icon label\"><\/i>\n\t\n\t\t\t<div class=\"wsu-note__title\">\n\t\t\tR\u00e9sum\u00e9 Review\t\t<\/div>\n\t\t\n\t\n\n<p>Once you have created your r\u00e9sum\u00e9, drop in to the <a href=\"https:\/\/vcea.wsu.edu\/student-success\/internships-careers\/\">Internships and Career Services office<\/a> so that we can review your r\u00e9sum\u00e9. Once your r\u00e9sum\u00e9 is final, upload it to Handshake, complete your Handshake profile, and make your profile viewable by employers.<\/p>\n\n<\/div>\n\n<\/div>\r\n\n\n<div class=\"wsu-column\"  style=\"\">\r\n\t\n<div class=\"wsu-callout wsu-border--color-pacificsky\" >\r\n    <h2 class=\"wsu-callout__title\">\r\n        Resources    <\/h2>    \n\n<p>The VCEA Internships and Career Services office offers a variety of resources for students on building r\u00e9sum\u00e9s, writing cover letters, searching for jobs, and more.<\/p>\n\n\n<div class=\"wsu-cta \" >\n\t<a \t\t\t\t\thref=\"https:\/\/vcea.wsu.edu\/student-success\/internships-careers\/resources\/\"\t\n\t\tclass=\"wsu-button \">\n\t\t\t\n\t\tBrowse Resources\t\t\t<\/a>\n<\/div>\n\n<\/div>\r\n\n<\/div>\r\n\n<\/div>\n\n<section  class=\"wsu-section wsu-width--full\"  >\r\n    <div class=\"wsu-section__inner wsu-width--content\">    \n\n<h2 class=\"wp-block-heading\">Sample R\u00e9sum\u00e9<\/h2>\n\n\n<div class=\"wsu-container wsu-max-width--xlarge wsu-color-background--white wsu-spacing-padding-left--xmedium wsu-spacing-padding-right--xmedium wsu-spacing-top--xmedium wsu-spacing-bottom--xmedium\" >\r\n    \n\n<h3 class=\"wp-block-heading\">First Name Last Name<\/h3>\n\n\n\n<p>your phone number | first.last@wsu.edu | linkedin.com\/first-last <\/p>\n\n\n\n<h4 class=\"wsu-heading--style-marked wsu-heading--mark-color-gray wp-block-heading\">Summary of Qualifications<\/h4>\n\n\n\n<ul><li>Firm understanding of bioengineering, bioelectric phenomena, and cellular principles<\/li><li>Biomedical Engineering Society, Early Career Member<\/li><li>Steadfast work ethic, maintaining a 3.45 GPA while working 30 hours per week<\/li><li>Demonstrated record of responsibility and leadership in over 5 years of team project and food service experience<\/li><\/ul>\n\n\n\n<h4 class=\"wsu-heading--style-marked wsu-heading--mark-color-gray wp-block-heading\">Education <\/h4>\n\n\n<div class=\"wsu-row wsu-row--sidebar-right\" >\r\n    \n<div class=\"wsu-column\"  style=\"\">\r\n\t\n\n<h5 class=\"wsu-spacing-after--none wp-block-heading\">Bachelor of Science in Bioengineering; Minor in Neuroscience; GPA 3.45<\/h5>\n\n\n\n<p class=\"wsu-spacing-after--xsmall\">Washington State University, Pullman, WA<\/p>\n\n<\/div>\r\n\n\n<div class=\"wsu-column\"  style=\"\">\r\n\t\n\n<p class=\"has-text-align-right\">Expected 5\/2019<\/p>\n\n<\/div>\r\n\n<\/div>\n\n\n<p>Related Coursework:<\/p>\n\n\n\n<ul><li>Bioinstrumentation, Biochemistry, Bioelectric Phenomena, math through Differential Equations, Control Systems &amp; Chemical Transport, Protein Engineering, Unified Systems Engineering<\/li><li>Biopsychological Effects of Drugs, Cellular Neurobiology, Neurons Genes &amp; Behavior, Neuroanatomy<\/li><\/ul>\n\n\n\n<h4 class=\"wsu-heading--style-marked wsu-heading--mark-color-gray wp-block-heading\">Skills <\/h4>\n\n\n\n<p>Matlab, Microsoft Word\/Excel\/Powerpoint, AutoCAD, C, Python, Gait Analysis software<\/p>\n\n\n\n<h4 class=\"wsu-heading--style-marked wsu-heading--mark-color-gray wp-block-heading\">Projects <\/h4>\n\n\n<div class=\"wsu-row wsu-row--sidebar-right\" >\r\n    \n<div class=\"wsu-column\"  style=\"\">\r\n\t\n\n<h5 class=\"wp-block-heading\">Bioengineering Capstone: Gauntlet Orthotics &amp; Prosthetics<\/h5>\n\n<\/div>\r\n\n\n<div class=\"wsu-column\"  style=\"\">\r\n\t\n\n<p class=\"has-text-align-right wsu-spacing-after--xsmall\">8\/2017 \u2013 5\/2018<\/p>\n\n<\/div>\r\n\n<\/div>\n\n\n<ul><li>Identified treatment problems of clubfoot disorder to design and prototype an iterative foot brace<\/li><li>Created a startup business model and forecasted financial statements to market product<\/li><li>Competed and presented at the WSU Business Plan Competition and the Engineering Capstone Expo<\/li><\/ul>\n\n\n<div class=\"wsu-row wsu-row--sidebar-right\" >\r\n    \n<div class=\"wsu-column\"  style=\"\">\r\n\t\n\n<h5 class=\"wp-block-heading\">Cellular Neurobiology: Stem Cells &amp; Alcohol Dependence<\/h5>\n\n<\/div>\r\n\n\n<div class=\"wsu-column\"  style=\"\">\r\n\t\n\n<p class=\"has-text-align-right wsu-spacing-after--xsmall\">1\/2017 \u2013 5\/2017<\/p>\n\n<\/div>\r\n\n<\/div>\n\n\n<ul><li>Investigated stem cell types to best treat alcohol dependence via neurological implants<\/li><li>Organized model animal trials for stem cell treatment in Vervet monkeys<\/li><li>Assisted team members in drafting presentations and instructed class lectures<\/li><\/ul>\n\n\n\n<h4 class=\"wsu-heading--style-marked wsu-heading--mark-color-gray wp-block-heading\">Other Experience <\/h4>\n\n\n<div class=\"wsu-row wsu-row--sidebar-right\" >\r\n    \n<div class=\"wsu-column\"  style=\"\">\r\n\t\n\n<h5 class=\"wsu-spacing-after--none wp-block-heading\">Southside Caf\u00e9- Washington State University Dining Center<\/h5>\n\n\n\n<p class=\"wsu-spacing-after--xsmall\">Student Manager<\/p>\n\n<\/div>\r\n\n\n<div class=\"wsu-column\"  style=\"\">\r\n\t\n\n<p class=\"has-text-align-right\">8\/2015 \u2013 Present<\/p>\n\n<\/div>\r\n\n<\/div>\n\n\n<ul><li>Managed and led production of up to 70 employees, delegated tasks and organized work areas<\/li><li>Coordinated with upper management to prioritize and problem solve; provided quality customer service for up to 3,000 students each day<\/li><\/ul>\n\n\n\n<h4 class=\"wsu-heading--style-marked wsu-heading--mark-color-gray wp-block-heading\">Volunteer Experience <\/h4>\n\n\n<div class=\"wsu-row wsu-row--sidebar-right\" >\r\n    \n<div class=\"wsu-column\"  style=\"\">\r\n\t\n\n<h5 class=\"wp-block-heading\">Lodge Chief, Order of the Arrow- Boy Scouts of America<\/h5>\n\n<\/div>\r\n\n\n<div class=\"wsu-column\"  style=\"\">\r\n\t\n\n<p class=\"has-text-align-right\">5\/2013 \u2013 6\/2015<\/p>\n\n<\/div>\r\n\n<\/div>\n\n\n<ul><li>Organized, planned, and conducted Lodge Executive Committee meetings 10 times per year in an organized and efficient manner<\/li><li>Delegated Lodge responsibilities to volunteers throughout the academic term<\/li><\/ul>\n\n<\/div>\n\n\n<p><\/p>\n\n    <\/div><\/section>\n\n<section  class=\"wsu-section wsu-color-background--white wsu-width--full wsu-spacing-after--none wsu-spacing-bottom--none wsu-spacing-before--xxmedium\"  >\r\n    <div class=\"wsu-section__inner wsu-width--content\">    \n<div class=\"wsu-decorator  wsu-decorator--style-block-gray-wsu\" style=\"top:0;bottom:0;left:0;height:215px;width:100%\"><\/div>\n\n<div class=\"wsu-container wsu-color-background--white wsu-position--relative wsu-zindex--level-4 wsu-border--add-top wsu-spacing-padding-left--xxmedium wsu-spacing-padding-right--xxmedium wsu-spacing-top--xmedium wsu-spacing-after--none wsu-spacing-bottom--none wsu-border--color-crimson\" >\r\n    \n\n<h2 class=\"wp-block-heading\" id=\"contact\">Contact the Internships and Career Services Office<\/h2>\n\n\n<div class=\"wsu-row wsu-spacing-after--xxsmall wsu-row--halves\" >\r\n    \n<div class=\"wsu-column\"  style=\"\">\r\n\t\n\n<ul class=\"wsu-spacing-before--sxxsmall\">\n<li><strong>Location:<\/strong>&nbsp;Dana Hall 140, 305 NE Spokane St.<\/li>\n\n\n\n<li><strong>Phone:<\/strong>&nbsp;<a href=\"tel:5093358726\">509-335-8726<\/a><\/li>\n\n\n\n<li><strong>E-mail:<\/strong> <a href=\"mailto:vcea.internships@wsu.edu\">vcea.internships@wsu.edu<\/a><\/li>\n<\/ul>\n\n\n\n<h3 class=\"wp-block-heading\">Career Coaching <\/h3>\n\n\n\n<ul>\n<li><strong>By Appointment<\/strong>\n<ul>\n<li><strong>Director: <\/strong><a href=\"https:\/\/outlook.office.com\/book\/VoilandCollegeCareerServices@email.wsu.edu\/s\/z8HObUnNHUCdM4K38rPyAQ2\">Lisa Hathaway<\/a><\/li>\n\n\n\n<li><strong>Interns:<\/strong> <a href=\"https:\/\/outlook.office365.com\/book\/VoilandCollegeCareerServices@email.wsu.edu\/?ismsaljsauthenabled=true\">Anna Nielsen<\/a> (MIS), <a href=\"https:\/\/outlook.office365.com\/book\/VoilandCollegeCareerServices@email.wsu.edu\/?ismsaljsauthenabled=true\" data-type=\"URL\" data-id=\"https:\/\/outlook.office365.com\/book\/VoilandCollegeCareerServices@email.wsu.edu\/?ismsaljsauthenabled=true\">Ariana Avina<\/a> (ME), <a href=\"https:\/\/outlook.office365.com\/book\/VoilandCollegeCareerServices@email.wsu.edu\/?ismsaljsauthenabled=true\" data-type=\"URL\" data-id=\"https:\/\/outlook.office365.com\/book\/VoilandCollegeCareerServices@email.wsu.edu\/?ismsaljsauthenabled=true\">Troy Buchanan<\/a> (ME), <a href=\"https:\/\/outlook.office365.com\/book\/VoilandCollegeCareerServices@email.wsu.edu\/?ismsaljsauthenabled=true\" data-type=\"URL\" data-id=\"https:\/\/outlook.office365.com\/book\/VoilandCollegeCareerServices@email.wsu.edu\/?ismsaljsauthenabled=true\">Chance Shungu<\/a> (CS), and <a href=\"https:\/\/outlook.office365.com\/book\/VoilandCollegeCareerServices@email.wsu.edu\/?ismsaljsauthenabled=true\" data-type=\"URL\" data-id=\"https:\/\/outlook.office365.com\/book\/VoilandCollegeCareerServices@email.wsu.edu\/?ismsaljsauthenabled=true\">Samantha Klein <\/a>(CS)<\/li>\n<\/ul>\n<\/li>\n\n\n\n<li><strong>Drop-in<\/strong>\n<ul>\n<li><strong>Interns: <\/strong>3-4 pm, Monday through Friday<\/li>\n<\/ul>\n<\/li>\n<\/ul>\n\n<\/div>\r\n\n\n<div class=\"wsu-column\"  style=\"\">\r\n\t\n\n<h3 class=\"wp-block-heading wsu-spacing-after--none\">Social Media<\/h3>\n\n\n\n<ul class=\"wsu-social-icons vcss-custom-social\"><li class=\"wsu-social-icons__twitter\"><a href=\"https:\/\/x.com\/WSUVoilandPPEL\"><span class=\"screen-reader-only\">Go to wsu twitter<\/span><\/a><\/li><li class=\"wsu-social-icons__facebook\"><a href=\"https:\/\/www.facebook.com\/WSUVoilandSS\"><span class=\"screen-reader-only\">Go to wsu facebook<\/span><\/a><\/li><li class=\"wsu-social-icons__instagram\"><a href=\"https:\/\/www.instagram.com\/p\/BAaVQIMM6mw\/\"><span class=\"screen-reader-only\">Go to wsu instagram<\/span><\/a><\/li><li class=\"wsu-social-icons__linkedin\"><a href=\"https:\/\/www.linkedin.com\/groups\/14355576\/\"><span class=\"screen-reader-only\">Go to wsu linkedin<\/span><\/a><\/li><\/ul>\n\n\n\n<h3 class=\"wp-block-heading wsu-spacing-before--small\">Mailing Address<\/h3>\n\n\n\n<p>Voiland College Internships and Career Services<br>Washington State University<br>PO Box 642718<br>Pullman, WA 99164-2718<\/p>\n\n<\/div>\r\n\n<\/div>\n\n\n<figure class=\"wp-block-image size-large wsu-spacing-after--none\"><img decoding=\"async\" loading=\"lazy\" width=\"576\" height=\"126\" src=\"https:\/\/wpcdn.web.wsu.edu\/wp-vcea\/uploads\/sites\/3466\/2019\/07\/wsu_2021_vcea_coll_career_svcs_web_logo_full_color_rgb_4in@144ppi_adobe_express.jpeg\" alt=\"WSU Cougar logo that reads Washington State University, Voiland College Career Services.\" class=\"wp-image-5695\" srcset=\"https:\/\/wpcdn.web.wsu.edu\/wp-vcea\/uploads\/sites\/3466\/2019\/07\/wsu_2021_vcea_coll_career_svcs_web_logo_full_color_rgb_4in@144ppi_adobe_express.jpeg 576w, https:\/\/wpcdn.web.wsu.edu\/wp-vcea\/uploads\/sites\/3466\/2019\/07\/wsu_2021_vcea_coll_career_svcs_web_logo_full_color_rgb_4in@144ppi_adobe_express-396x87.jpeg 396w\" sizes=\"(max-width: 576px) 100vw, 576px\" \/><\/figure>\n\n<\/div>\n    <\/div><\/section>\n\n\n<p><\/p>\n","protected":false},"excerpt":{"rendered":"<p>Your r\u00e9sum\u00e9 is a document that captures who you are, your experiences, your skills, and your education. Learn what a bioengineering college r\u00e9sum\u00e9 looks like.<\/p>\n","protected":false},"author":63,"featured_media":0,"parent":2361,"menu_order":0,"comment_status":"closed","ping_status":"closed","template":"","meta":[],"categories":[],"tags":[],"wsuwp_university_location":[],"wsuwp_university_org":[],"_links":{"self":[{"href":"https:\/\/vcea.wsu.edu\/student-success\/wp-json\/wp\/v2\/pages\/7768"}],"collection":[{"href":"https:\/\/vcea.wsu.edu\/student-success\/wp-json\/wp\/v2\/pages"}],"about":[{"href":"https:\/\/vcea.wsu.edu\/student-success\/wp-json\/wp\/v2\/types\/page"}],"author":[{"embeddable":true,"href":"https:\/\/vcea.wsu.edu\/student-success\/wp-json\/wp\/v2\/users\/63"}],"replies":[{"embeddable":true,"href":"https:\/\/vcea.wsu.edu\/student-success\/wp-json\/wp\/v2\/comments?post=7768"}],"version-history":[{"count":2,"href":"https:\/\/vcea.wsu.edu\/student-success\/wp-json\/wp\/v2\/pages\/7768\/revisions"}],"predecessor-version":[{"id":7842,"href":"https:\/\/vcea.wsu.edu\/student-success\/wp-json\/wp\/v2\/pages\/7768\/revisions\/7842"}],"up":[{"embeddable":true,"href":"https:\/\/vcea.wsu.edu\/student-success\/wp-json\/wp\/v2\/pages\/2361"}],"wp:attachment":[{"href":"https:\/\/vcea.wsu.edu\/student-success\/wp-json\/wp\/v2\/media?parent=7768"}],"wp:term":[{"taxonomy":"category","embeddable":true,"href":"https:\/\/vcea.wsu.edu\/student-success\/wp-json\/wp\/v2\/categories?post=7768"},{"taxonomy":"post_tag","embeddable":true,"href":"https:\/\/vcea.wsu.edu\/student-success\/wp-json\/wp\/v2\/tags?post=7768"},{"taxonomy":"wsuwp_university_location","embeddable":true,"href":"https:\/\/vcea.wsu.edu\/student-success\/wp-json\/wp\/v2\/wsuwp_university_location?post=7768"},{"taxonomy":"wsuwp_university_org","embeddable":true,"href":"https:\/\/vcea.wsu.edu\/student-success\/wp-json\/wp\/v2\/wsuwp_university_org?post=7768"}],"curies":[{"name":"wp","href":"https:\/\/api.w.org\/{rel}","templated":true}]}}